{"id":1894,"date":"2024-03-05T15:21:47","date_gmt":"2024-03-05T14:21:47","guid":{"rendered":"https:\/\/pmtradeandinvestment.hu\/rolunk\/"},"modified":"2024-08-30T12:11:46","modified_gmt":"2024-08-30T10:11:46","slug":"ueber-uns","status":"publish","type":"page","link":"https:\/\/pmtradeandinvestment.hu\/de\/ueber-uns\/","title":{"rendered":"\u00dcBER UNS"},"content":{"rendered":"<p>[et_pb_section fb_built=&#8220;1&#8243; _builder_version=&#8220;4.24.2&#8243; _module_preset=&#8220;default&#8220; global_colors_info=&#8220;{}&#8220;][et_pb_row _builder_version=&#8220;4.24.2&#8243; _module_preset=&#8220;default&#8220; width_tablet=&#8220;&#8220; width_phone=&#8220;&#8220; width_last_edited=&#8220;on|desktop&#8220; max_width_tablet=&#8220;&#8220; max_width_phone=&#8220;&#8220; max_width_last_edited=&#8220;on|desktop&#8220; custom_padding=&#8220;50px||||false|false&#8220; global_colors_info=&#8220;{}&#8220;][et_pb_column type=&#8220;4_4&#8243; _builder_version=&#8220;4.24.2&#8243; _module_preset=&#8220;default&#8220; global_colors_info=&#8220;{}&#8220;][et_pb_text _builder_version=&#8220;4.24.2&#8243; _module_preset=&#8220;default&#8220; text_font=&#8220;Poppins|600|||||||&#8220; text_text_color=&#8220;#c04c33&#8243; text_font_size=&#8220;20px&#8220; header_2_font=&#8220;Poppins||||||||&#8220; header_2_text_align=&#8220;center&#8220; header_2_font_size=&#8220;30px&#8220; text_orientation=&#8220;center&#8220; header_2_font_size_tablet=&#8220;30px&#8220; header_2_font_size_phone=&#8220;26px&#8220; header_2_font_size_last_edited=&#8220;on|phone&#8220; global_colors_info=&#8220;{}&#8220;]<\/p>\n<p>\u00dcBER UNS<\/p>\n<p>[\/et_pb_text][et_pb_text _builder_version=&#8220;4.24.2&#8243; _module_preset=&#8220;default&#8220; text_font=&#8220;Poppins|600|||||||&#8220; text_text_color=&#8220;#FF5837&#8243; text_font_size=&#8220;20px&#8220; header_2_font=&#8220;Poppins||||||||&#8220; header_2_text_align=&#8220;center&#8220; header_2_font_size=&#8220;30px&#8220; text_orientation=&#8220;center&#8220; header_2_font_size_tablet=&#8220;30px&#8220; header_2_font_size_phone=&#8220;26px&#8220; header_2_font_size_last_edited=&#8220;on|phone&#8220; global_colors_info=&#8220;{}&#8220;]<\/p>\n<h2>Unsere Mannschaft<\/h2>\n<p>[\/et_pb_text][\/et_pb_column][\/et_pb_row][et_pb_row _builder_version=&#8220;4.24.2&#8243; _module_preset=&#8220;default&#8220; width_tablet=&#8220;&#8220; width_phone=&#8220;90%&#8220; width_last_edited=&#8220;on|phone&#8220; max_width_tablet=&#8220;&#8220; max_width_phone=&#8220;100%&#8220; max_width_last_edited=&#8220;on|desktop&#8220; global_colors_info=&#8220;{}&#8220;][et_pb_column type=&#8220;4_4&#8243; _builder_version=&#8220;4.24.2&#8243; _module_preset=&#8220;default&#8220; global_colors_info=&#8220;{}&#8220;][et_pb_text _builder_version=&#8220;4.24.2&#8243; _module_preset=&#8220;default&#8220; global_colors_info=&#8220;{}&#8220;]<\/p>\n<p>Mit \u00fcber 50 Jahre Erfahrung stehen wir unseren Kunden zur Verf\u00fcgung. Die Vielf\u00e4ltigkeit, Preziosit\u00e4t und hohe fachlicher Kompetenz unseren Mitarbeitern erm\u00f6glicht, dass wir in der Baubranche individuelle, au\u00dfergew\u00f6hnliche und komplexe Erwartungen gerecht werden k\u00f6nnen.<\/p>\n<p>[\/et_pb_text][et_pb_image src=&#8220;https:\/\/pmtradeandinvestment.hu\/wp-content\/uploads\/2024\/03\/csak_stilusosan.webp&#8220; title_text=&#8220;csak_st\u00edlusosan&#8220; _builder_version=&#8220;4.24.2&#8243; _module_preset=&#8220;default&#8220; global_colors_info=&#8220;{}&#8220;][\/et_pb_image][\/et_pb_column][\/et_pb_row][et_pb_row _builder_version=&#8220;4.24.2&#8243; _module_preset=&#8220;default&#8220; width_tablet=&#8220;&#8220; width_phone=&#8220;90%&#8220; width_last_edited=&#8220;on|phone&#8220; max_width_tablet=&#8220;&#8220; max_width_phone=&#8220;100%&#8220; max_width_last_edited=&#8220;on|desktop&#8220; global_colors_info=&#8220;{}&#8220;][et_pb_column type=&#8220;4_4&#8243; _builder_version=&#8220;4.24.2&#8243; _module_preset=&#8220;default&#8220; global_colors_info=&#8220;{}&#8220;][et_pb_text _builder_version=&#8220;4.24.2&#8243; _module_preset=&#8220;default&#8220; global_colors_info=&#8220;{}&#8220;]<\/p>\n<h2>ST\u00c4RKEN UNSERES UNTERNEHMENS<\/h2>\n<p>[\/et_pb_text][et_pb_blurb use_icon=&#8220;on&#8220; font_icon=&#8220;\ue00a||divi||400&#8243; icon_color=&#8220;#C04C39&#8243; icon_placement=&#8220;left&#8220; image_icon_width=&#8220;44px&#8220; content_max_width=&#8220;100%&#8220; _builder_version=&#8220;4.24.2&#8243; _module_preset=&#8220;default&#8220; body_font=&#8220;Poppins|300|||||||&#8220; body_text_color=&#8220;#000000&#8243; body_font_size=&#8220;15px&#8220; global_colors_info=&#8220;{}&#8220;]<\/p>\n<p><strong>Vollst\u00e4ndiger Ausf\u00fchrung der Auftr\u00e4ge<br \/>\n<\/strong><strong>Wir \u00fcbergeben unseren Auftraggebern sofort einsetzbare, funktionst\u00fcchtige Anlagen.<\/strong><\/p>\n<p>[\/et_pb_blurb][et_pb_blurb use_icon=&#8220;on&#8220; font_icon=&#8220;\ue074||divi||400&#8243; icon_color=&#8220;#C04C39&#8243; icon_placement=&#8220;left&#8220; image_icon_width=&#8220;44px&#8220; content_max_width=&#8220;100%&#8220; _builder_version=&#8220;4.24.2&#8243; _module_preset=&#8220;default&#8220; body_font=&#8220;Poppins|300|||||||&#8220; body_text_color=&#8220;#000000&#8243; body_font_size=&#8220;15px&#8220; global_colors_info=&#8220;{}&#8220;]<\/p>\n<p><strong>Wir pflegen unsere Bauprojekte als w\u00e4ren sie unsere eigene.<\/strong><br \/>\n<strong>Von der Idee bis zur Fertigstellung alles in einer Hand.<\/strong><\/p>\n<p>[\/et_pb_blurb][et_pb_text _builder_version=&#8220;4.24.2&#8243; _module_preset=&#8220;default&#8220; global_colors_info=&#8220;{}&#8220;]<\/p>\n<p>Wir sind durchaus f\u00e4hig die verschiedensten Aufgaben zu meistern, und das auf h\u00f6chstem Niveau. Wir empfehlen uns ohne Bedenken f\u00fcr vielf\u00e4ltige und komplizierte Bauvorhaben, wo neben Planung und Bauausf\u00fchrung auch besondere Technologien \u2013 wie z.B. Betriebstechnologie &#8211; ben\u00f6tigt werden. Wir sind bestrebt das ganze Projekt unter Leitung eines zuverl\u00e4ssigen und routinierten Unternehmer zu haben.<\/p>\n<p>[\/et_pb_text][\/et_pb_column][\/et_pb_row][et_pb_row _builder_version=&#8220;4.24.2&#8243; _module_preset=&#8220;default&#8220; width_tablet=&#8220;&#8220; width_phone=&#8220;90%&#8220; width_last_edited=&#8220;on|phone&#8220; max_width_tablet=&#8220;&#8220; max_width_phone=&#8220;100%&#8220; max_width_last_edited=&#8220;on|desktop&#8220; global_colors_info=&#8220;{}&#8220;][et_pb_column type=&#8220;4_4&#8243; _builder_version=&#8220;4.24.2&#8243; _module_preset=&#8220;default&#8220; global_colors_info=&#8220;{}&#8220;][et_pb_button button_url=&#8220;@ET-DC@eyJkeW5hbWljIjp0cnVlLCJjb250ZW50IjoicG9zdF9saW5rX3VybF9wYWdlIiwic2V0dGluZ3MiOnsicG9zdF9pZCI6IjIwIn19@&#8220; button_text=&#8220;KONTAKTIEREN SIE UNS!&#8220; button_alignment=&#8220;center&#8220; _builder_version=&#8220;4.24.2&#8243; _dynamic_attributes=&#8220;button_url&#8220; _module_preset=&#8220;default&#8220; custom_button=&#8220;on&#8220; button_text_size=&#8220;18px&#8220; button_text_color=&#8220;#FFFFFF&#8220; button_bg_color=&#8220;#4e4e70&#8243; button_border_width=&#8220;0px&#8220; button_font=&#8220;Poppins|300|||||||&#8220; button_icon=&#8220;9||divi||400&#8243; custom_padding=&#8220;10px||10px||true|false&#8220; custom_padding_tablet=&#8220;10px||10px||true|false&#8220; custom_padding_phone=&#8220;5px||5px||true|false&#8220; custom_padding_last_edited=&#8220;on|desktop&#8220; button_text_size_tablet=&#8220;18px&#8220; button_text_size_phone=&#8220;15px&#8220; button_text_size_last_edited=&#8220;on|phone&#8220; global_colors_info=&#8220;{}&#8220;][\/et_pb_button][\/et_pb_column][\/et_pb_row][\/et_pb_section][et_pb_section fb_built=&#8220;1&#8243; _builder_version=&#8220;4.24.2&#8243; _module_preset=&#8220;default&#8220; global_colors_info=&#8220;{}&#8220;][et_pb_row _builder_version=&#8220;4.24.2&#8243; _module_preset=&#8220;default&#8220; border_width_top=&#8220;1px&#8220; border_color_top=&#8220;rgba(0,0,0,0.18)&#8220; global_colors_info=&#8220;{}&#8220;][et_pb_column type=&#8220;4_4&#8243; _builder_version=&#8220;4.24.2&#8243; _module_preset=&#8220;default&#8220; global_colors_info=&#8220;{}&#8220;][et_pb_text _builder_version=&#8220;4.24.2&#8243; _module_preset=&#8220;default&#8220; text_font=&#8220;Poppins|600|||||||&#8220; text_text_color=&#8220;#c04c33&#8243; text_font_size=&#8220;20px&#8220; header_2_font=&#8220;Poppins||||||||&#8220; header_2_text_align=&#8220;center&#8220; header_2_font_size=&#8220;30px&#8220; text_orientation=&#8220;center&#8220; header_2_font_size_tablet=&#8220;30px&#8220; header_2_font_size_phone=&#8220;26px&#8220; header_2_font_size_last_edited=&#8220;on|phone&#8220; global_colors_info=&#8220;{}&#8220;]<\/p>\n<p><span style=\"font-weight: 400;\">F\u00dcHRUNGSPERSONAL<\/span><\/p>\n<p>[\/et_pb_text][\/et_pb_column][\/et_pb_row][et_pb_row column_structure=&#8220;1_3,1_3,1_3&#8243; _builder_version=&#8220;4.24.2&#8243; _module_preset=&#8220;default&#8220; global_colors_info=&#8220;{}&#8220;][et_pb_column type=&#8220;1_3&#8243; _builder_version=&#8220;4.24.2&#8243; _module_preset=&#8220;default&#8220; global_colors_info=&#8220;{}&#8220;][et_pb_team_member name=&#8220;Pszota J\u00e1nos&#8220; position=&#8220;Direktor d. Unternehmens&#8220; image_url=&#8220;https:\/\/pmtradeandinvestment.hu\/wp-content\/uploads\/2024\/03\/426186898_413941554636819_2723445968624237976_n-5.webp&#8220; _builder_version=&#8220;4.24.2&#8243; _module_preset=&#8220;default&#8220; header_font=&#8220;Poppins|600|||||||&#8220; header_text_align=&#8220;center&#8220; position_font=&#8220;Poppins|300|||||||&#8220; position_text_align=&#8220;center&#8220; position_text_color=&#8220;rgba(0,0,0,0.65)&#8220; position_font_size=&#8220;15px&#8220; width=&#8220;60%&#8220; module_alignment=&#8220;center&#8220; border_radii_image=&#8220;on|100px|100px|100px|100px&#8220; global_colors_info=&#8220;{}&#8220;][\/et_pb_team_member][\/et_pb_column][et_pb_column type=&#8220;1_3&#8243; _builder_version=&#8220;4.24.2&#8243; _module_preset=&#8220;default&#8220; global_colors_info=&#8220;{}&#8220;][et_pb_team_member name=&#8220;Pszota M\u00e1rton&#8220; position=&#8220;Gesch\u00e4ftsf\u00fchrer, Eigent\u00fcmer&#8220; image_url=&#8220;https:\/\/pmtradeandinvestment.hu\/wp-content\/uploads\/2024\/03\/Pszota-Marton.webp&#8220; _builder_version=&#8220;4.24.2&#8243; _module_preset=&#8220;default&#8220; header_font=&#8220;Poppins|600|||||||&#8220; header_text_align=&#8220;center&#8220; position_font=&#8220;Poppins|300|||||||&#8220; position_text_align=&#8220;center&#8220; position_text_color=&#8220;rgba(0,0,0,0.65)&#8220; position_font_size=&#8220;15px&#8220; width=&#8220;60%&#8220; module_alignment=&#8220;center&#8220; border_radii_image=&#8220;on|100px|100px|100px|100px&#8220; global_colors_info=&#8220;{}&#8220;][\/et_pb_team_member][\/et_pb_column][et_pb_column type=&#8220;1_3&#8243; _builder_version=&#8220;4.24.2&#8243; _module_preset=&#8220;default&#8220; global_colors_info=&#8220;{}&#8220;][et_pb_team_member name=&#8220;Pszota Linoy&#8220; position=&#8220;Eigent\u00fcmerin&#8220; image_url=&#8220;https:\/\/pmtradeandinvestment.hu\/wp-content\/uploads\/2024\/03\/Pszota-Linoy3.webp&#8220; _builder_version=&#8220;4.24.2&#8243; _module_preset=&#8220;default&#8220; header_font=&#8220;Poppins|600|||||||&#8220; header_text_align=&#8220;center&#8220; position_font=&#8220;Poppins|300|||||||&#8220; position_text_align=&#8220;center&#8220; position_text_color=&#8220;rgba(0,0,0,0.65)&#8220; position_font_size=&#8220;15px&#8220; width=&#8220;60%&#8220; module_alignment=&#8220;center&#8220; border_radii_image=&#8220;on|100px|100px|100px|100px&#8220; global_colors_info=&#8220;{}&#8220;][\/et_pb_team_member][\/et_pb_column][\/et_pb_row][et_pb_row column_structure=&#8220;1_3,1_3,1_3&#8243; _builder_version=&#8220;4.24.2&#8243; _module_preset=&#8220;default&#8220; global_colors_info=&#8220;{}&#8220;][et_pb_column type=&#8220;1_3&#8243; _builder_version=&#8220;4.24.2&#8243; _module_preset=&#8220;default&#8220; global_colors_info=&#8220;{}&#8220;][\/et_pb_column][et_pb_column type=&#8220;1_3&#8243; _builder_version=&#8220;4.24.2&#8243; _module_preset=&#8220;default&#8220; global_colors_info=&#8220;{}&#8220;][et_pb_team_member name=&#8220;Galajda L\u00e1szl\u00f3&#8220; position=&#8220;Bauleiter&#8220; image_url=&#8220;https:\/\/pmtradeandinvestment.hu\/wp-content\/uploads\/2024\/03\/Galajda_2.webp&#8220; _builder_version=&#8220;4.24.2&#8243; _module_preset=&#8220;default&#8220; header_font=&#8220;Poppins|600|||||||&#8220; header_text_align=&#8220;center&#8220; position_font=&#8220;Poppins|300|||||||&#8220; position_text_align=&#8220;center&#8220; position_text_color=&#8220;rgba(0,0,0,0.65)&#8220; position_font_size=&#8220;15px&#8220; width=&#8220;60%&#8220; module_alignment=&#8220;center&#8220; border_radii_image=&#8220;on|100px|100px|100px|100px&#8220; global_colors_info=&#8220;{}&#8220;][\/et_pb_team_member][\/et_pb_column][et_pb_column type=&#8220;1_3&#8243; _builder_version=&#8220;4.24.2&#8243; _module_preset=&#8220;default&#8220; global_colors_info=&#8220;{}&#8220;][\/et_pb_column][\/et_pb_row][et_pb_row _builder_version=&#8220;4.24.2&#8243; _module_preset=&#8220;default&#8220; border_width_top=&#8220;1px&#8220; border_color_top=&#8220;rgba(0,0,0,0.17)&#8220; global_colors_info=&#8220;{}&#8220;][et_pb_column type=&#8220;4_4&#8243; _builder_version=&#8220;4.24.2&#8243; _module_preset=&#8220;default&#8220; global_colors_info=&#8220;{}&#8220;][et_pb_text _builder_version=&#8220;4.24.2&#8243; _module_preset=&#8220;default&#8220; global_colors_info=&#8220;{}&#8220;]<\/p>\n<p><span style=\"font-weight: 400;\">Unsere Firma f\u00fchrt jeglicher Art von Bauvorhaben aus, vom Einfamilienhaus bis zum gro\u00dfen Projekte.<\/span><\/p>\n<p><span style=\"font-weight: 400;\">Exzellente Organisationtalent hilft uns bei der Ausf\u00fchrung jeglichen Bauprojekten \u2013 <\/span><b>mit Preis- und Termingarantie!<\/b><\/p>\n<p>[\/et_pb_text][\/et_pb_column][\/et_pb_row][\/et_pb_section]<\/p>\n","protected":false},"excerpt":{"rendered":"<p>\u00dcBER UNS Unsere Mannschaft Mit \u00fcber 50 Jahre Erfahrung stehen wir unseren Kunden zur Verf\u00fcgung. Die Vielf\u00e4ltigkeit, Preziosit\u00e4t und hohe fachlicher Kompetenz unseren Mitarbeitern erm\u00f6glicht, dass wir in der Baubranche individuelle, au\u00dfergew\u00f6hnliche und komplexe Erwartungen gerecht werden k\u00f6nnen. ST\u00c4RKEN UNSERES UNTERNEHMENS Vollst\u00e4ndiger Ausf\u00fchrung der Auftr\u00e4ge Wir \u00fcbergeben unseren Auftraggebern sofort einsetzbare, funktionst\u00fcchtige Anlagen. Wir pflegen [&hellip;]<\/p>\n","protected":false},"author":1,"featured_media":0,"parent":0,"menu_order":0,"comment_status":"closed","ping_status":"closed","template":"","meta":{"_et_pb_use_builder":"on","_et_pb_old_content":"","_et_gb_content_width":"","footnotes":""},"class_list":["post-1894","page","type-page","status-publish","hentry"],"_links":{"self":[{"href":"https:\/\/pmtradeandinvestment.hu\/de\/wp-json\/wp\/v2\/pages\/1894","targetHints":{"allow":["GET"]}}],"collection":[{"href":"https:\/\/pmtradeandinvestment.hu\/de\/wp-json\/wp\/v2\/pages"}],"about":[{"href":"https:\/\/pmtradeandinvestment.hu\/de\/wp-json\/wp\/v2\/types\/page"}],"author":[{"embeddable":true,"href":"https:\/\/pmtradeandinvestment.hu\/de\/wp-json\/wp\/v2\/users\/1"}],"replies":[{"embeddable":true,"href":"https:\/\/pmtradeandinvestment.hu\/de\/wp-json\/wp\/v2\/comments?post=1894"}],"version-history":[{"count":6,"href":"https:\/\/pmtradeandinvestment.hu\/de\/wp-json\/wp\/v2\/pages\/1894\/revisions"}],"predecessor-version":[{"id":2153,"href":"https:\/\/pmtradeandinvestment.hu\/de\/wp-json\/wp\/v2\/pages\/1894\/revisions\/2153"}],"wp:attachment":[{"href":"https:\/\/pmtradeandinvestment.hu\/de\/wp-json\/wp\/v2\/media?parent=1894"}],"curies":[{"name":"wp","href":"https:\/\/api.w.org\/{rel}","templated":true}]}}